{"id":3582,"date":"2024-01-05T12:00:36","date_gmt":"2024-01-05T12:00:36","guid":{"rendered":"https:\/\/ikramverein.de\/ueye-ol\/"},"modified":"2024-01-30T17:39:07","modified_gmt":"2024-01-30T17:39:07","slug":"ueye-ol","status":"publish","type":"page","link":"https:\/\/ikramverein.de\/tr\/ueye-ol\/","title":{"rendered":"\u00dcye Ol"},"content":{"rendered":"\t\t<div data-elementor-type=\"wp-page\" data-elementor-id=\"3582\" class=\"elementor elementor-3582 elementor-2874\" data-elementor-post-type=\"page\">\n\t\t\t\t<div class=\"elementor-element elementor-element-1a8835c e-con-full e-flex e-con e-parent\" data-id=\"1a8835c\" data-element_type=\"container\" data-settings=\"{&quot;background_background&quot;:&quot;classic&quot;}\">\n\t\t<div class=\"elementor-element elementor-element-a738a68 e-flex e-con-boxed e-con e-child\" data-id=\"a738a68\" data-element_type=\"container\">\n\t\t\t\t\t<div class=\"e-con-inner\">\n\t\t<div class=\"elementor-element elementor-element-6b51ee5 e-flex e-con-boxed e-con e-child\" data-id=\"6b51ee5\" data-element_type=\"container\">\n\t\t\t\t\t<div class=\"e-con-inner\">\n\t\t\t\t<div class=\"elementor-element elementor-element-836d498 elementor-widget__width-auto elementor-widget elementor-widget-heading\" data-id=\"836d498\" data-element_type=\"widget\" data-widget_type=\"heading.default\">\n\t\t\t\t<div class=\"elementor-widget-container\">\n\t\t\t<h2 class=\"elementor-heading-title elementor-size-default\">Kay\u0131t sayfas\u0131\n<\/h2>\t\t<\/div>\n\t\t\t\t<\/div>\n\t\t\t\t<div class=\"elementor-element elementor-element-0449103 elementor-widget__width-auto elementor-widget elementor-widget-heading\" data-id=\"0449103\" data-element_type=\"widget\" data-widget_type=\"heading.default\">\n\t\t\t\t<div class=\"elementor-widget-container\">\n\t\t\t<h3 class=\"elementor-heading-title elementor-size-default\">Yeni bir hesap a\u00e7\n<\/h3>\t\t<\/div>\n\t\t\t\t<\/div>\n\t\t\t\t\t<\/div>\n\t\t\t\t<\/div>\n\t\t<div class=\"elementor-element elementor-element-c75370e e-con-full e-flex e-con e-child\" data-id=\"c75370e\" data-element_type=\"container\">\n\t\t<div class=\"elementor-element elementor-element-2008984 elementor-hidden-mobile e-flex e-con-boxed e-con e-child\" data-id=\"2008984\" data-element_type=\"container\">\n\t\t\t\t\t<div class=\"e-con-inner\">\n\t\t\t\t<div class=\"elementor-element elementor-element-e242097 elementor-widget elementor-widget-image\" data-id=\"e242097\" data-element_type=\"widget\" data-widget_type=\"image.default\">\n\t\t\t\t<div class=\"elementor-widget-container\">\n\t\t\t\t\t\t\t\t\t\t\t\t\t<img fetchpriority=\"high\" decoding=\"async\" width=\"408\" height=\"447\" src=\"https:\/\/ikramverein.de\/wp-content\/uploads\/2023\/12\/1234567.png\" class=\"attachment-large size-large wp-image-554\" alt=\"\" srcset=\"https:\/\/ikramverein.de\/wp-content\/uploads\/2023\/12\/1234567.png 408w, https:\/\/ikramverein.de\/wp-content\/uploads\/2023\/12\/1234567-274x300.png 274w\" sizes=\"(max-width: 408px) 100vw, 408px\" \/>\t\t\t\t\t\t\t\t\t\t\t\t\t<\/div>\n\t\t\t\t<\/div>\n\t\t\t\t\t<\/div>\n\t\t\t\t<\/div>\n\t\t<div class=\"elementor-element elementor-element-d5db603 e-con-full e-flex e-con e-child\" data-id=\"d5db603\" data-element_type=\"container\">\n\t\t<div class=\"elementor-element elementor-element-8a4c487 e-con-full e-flex e-con e-child\" data-id=\"8a4c487\" data-element_type=\"container\" data-settings=\"{&quot;background_background&quot;:&quot;classic&quot;}\">\n\t\t\t\t<div class=\"elementor-element elementor-element-4cb6b91 elementor-widget elementor-widget-shortcode\" data-id=\"4cb6b91\" data-element_type=\"widget\" data-widget_type=\"shortcode.default\">\n\t\t\t\t<div class=\"elementor-widget-container\">\n\t\t\t\t\t<div class=\"elementor-shortcode\">\n<form id=\"give-register-form\" class=\"give-form\" action=\"\" method=\"post\">\n\t\n\t<fieldset>\n\t\t<legend>Yeni bir hesap a\u00e7\u0131n<\/legend>\n\n\t\t\n\t\t<div class=\"form-row form-row-first form-row-responsive\">\n\t\t\t<label for=\"give-user-login\">Kullan\u0131c\u0131 ad\u0131<\/label>\n\t\t\t<input id=\"give-user-login\" class=\"required give-input\" type=\"text\" name=\"give_user_login\" required aria-required=\"true\" \/>\n\t\t<\/div>\n\n\t\t<div class=\"form-row form-row-last form-row-responsive\">\n\t\t\t<label for=\"give-user-email\">Email<\/label>\n\t\t\t<input id=\"give-user-email\" class=\"required give-input\" type=\"email\" name=\"give_user_email\" required aria-required=\"true\" \/>\n\t\t<\/div>\n\n\t\t<div class=\"form-row form-row-first form-row-responsive\">\n\t\t\t<label for=\"give-user-pass\">\u015eifre<\/label>\n\t\t\t<input id=\"give-user-pass\" class=\"password required give-input\" type=\"password\" name=\"give_user_pass\" required aria-required=\"true\" \/>\n\t\t<\/div>\n\n\t\t<div class=\"form-row form-row-last form-row-responsive\">\n\t\t\t<label for=\"give-user-pass2\">\u015eifreyi Onayla<\/label>\n\t\t\t<input id=\"give-user-pass2\" class=\"password required give-input\" type=\"password\" name=\"give_user_pass2\" required aria-required=\"true\" \/>\n\t\t<\/div>\n\n\t\t\n\t\t<div class=\"give-hidden\">\n\t\t\t<input type=\"hidden\" name=\"give_honeypot\" value=\"\" \/>\n\t\t\t<input type=\"hidden\" name=\"give_action\" value=\"user_register\" \/>\n\t\t\t<input type=\"hidden\" name=\"give_redirect\" value=\"https:\/\/ikramverein.de\" \/>\n\t\t<\/div>\n\n\t\t<div class=\"form-row\">\n\t\t\t<input class=\"button\" name=\"give_register_submit\" type=\"submit\" value=\"Kay\u0131t ol\" \/>\n\t\t<\/div>\n\n\t\t\n\t<\/fieldset>\n\n\t<\/form>\n<\/div>\n\t\t\t\t<\/div>\n\t\t\t\t<\/div>\n\t\t\t\t<div class=\"elementor-element elementor-element-4bdc8b8 elementor-widget elementor-widget-heading\" data-id=\"4bdc8b8\" data-element_type=\"widget\" data-widget_type=\"heading.default\">\n\t\t\t\t<div class=\"elementor-widget-container\">\n\t\t\t<h6 class=\"elementor-heading-title elementor-size-default\"><a href=\"\/tr\/giris-yap\/\">Giri\u015f sayfas\u0131na gidin<\/a><\/h6>\t\t<\/div>\n\t\t\t\t<\/div>\n\t\t\t\t<\/div>\n\t\t\t\t<\/div>\n\t\t\t\t<\/div>\n\t\t\t\t\t<\/div>\n\t\t\t\t<\/div>\n\t\t\t\t<\/div>\n\t\t\t\t<\/div>\n\t\t","protected":false},"excerpt":{"rendered":"<p>Kay\u0131t sayfas\u0131 Yeni bir hesap a\u00e7 Giri\u015f sayfas\u0131na gidin<\/p>\n","protected":false},"author":1,"featured_media":0,"parent":0,"menu_order":0,"comment_status":"closed","ping_status":"closed","template":"","meta":{"_acf_changed":false,"footnotes":""},"acf":[],"yoast_head":"<!-- This site is optimized with the Yoast SEO plugin v23.9 - https:\/\/yoast.com\/wordpress\/plugins\/seo\/ -->\n<title>\u00dcye Ol - Ikram<\/title>\n<meta name=\"robots\" content=\"index, follow, max-snippet:-1, max-image-preview:large, max-video-preview:-1\" \/>\n<link rel=\"canonical\" href=\"https:\/\/ikramverein.de\/tr\/ueye-ol\/\" \/>\n<meta property=\"og:locale\" content=\"tr_TR\" \/>\n<meta property=\"og:type\" content=\"article\" \/>\n<meta property=\"og:title\" content=\"\u00dcye Ol - Ikram\" \/>\n<meta property=\"og:description\" content=\"Kay\u0131t sayfas\u0131 Yeni bir hesap a\u00e7 Giri\u015f sayfas\u0131na gidin\" \/>\n<meta property=\"og:url\" content=\"https:\/\/ikramverein.de\/tr\/ueye-ol\/\" \/>\n<meta property=\"og:site_name\" content=\"Ikram\" \/>\n<meta property=\"article:modified_time\" content=\"2024-01-30T17:39:07+00:00\" \/>\n<meta property=\"og:image\" content=\"https:\/\/ikramverein.de\/wp-content\/uploads\/2023\/12\/1234567.png\" \/>\n<meta name=\"twitter:card\" content=\"summary_large_image\" \/>\n<meta name=\"twitter:label1\" content=\"Tahmini okuma s\u00fcresi\" \/>\n\t<meta name=\"twitter:data1\" content=\"1 dakika\" \/>\n<script type=\"application\/ld+json\" class=\"yoast-schema-graph\">{\"@context\":\"https:\/\/schema.org\",\"@graph\":[{\"@type\":\"WebPage\",\"@id\":\"https:\/\/ikramverein.de\/tr\/ueye-ol\/\",\"url\":\"https:\/\/ikramverein.de\/tr\/ueye-ol\/\",\"name\":\"\u00dcye Ol - Ikram\",\"isPartOf\":{\"@id\":\"https:\/\/ikramverein.de\/tr\/#website\"},\"primaryImageOfPage\":{\"@id\":\"https:\/\/ikramverein.de\/tr\/ueye-ol\/#primaryimage\"},\"image\":{\"@id\":\"https:\/\/ikramverein.de\/tr\/ueye-ol\/#primaryimage\"},\"thumbnailUrl\":\"https:\/\/ikramverein.de\/wp-content\/uploads\/2023\/12\/1234567.png\",\"datePublished\":\"2024-01-05T12:00:36+00:00\",\"dateModified\":\"2024-01-30T17:39:07+00:00\",\"breadcrumb\":{\"@id\":\"https:\/\/ikramverein.de\/tr\/ueye-ol\/#breadcrumb\"},\"inLanguage\":\"tr\",\"potentialAction\":[{\"@type\":\"ReadAction\",\"target\":[\"https:\/\/ikramverein.de\/tr\/ueye-ol\/\"]}]},{\"@type\":\"ImageObject\",\"inLanguage\":\"tr\",\"@id\":\"https:\/\/ikramverein.de\/tr\/ueye-ol\/#primaryimage\",\"url\":\"https:\/\/ikramverein.de\/wp-content\/uploads\/2023\/12\/1234567.png\",\"contentUrl\":\"https:\/\/ikramverein.de\/wp-content\/uploads\/2023\/12\/1234567.png\"},{\"@type\":\"BreadcrumbList\",\"@id\":\"https:\/\/ikramverein.de\/tr\/ueye-ol\/#breadcrumb\",\"itemListElement\":[{\"@type\":\"ListItem\",\"position\":1,\"name\":\"Ana sayfa\",\"item\":\"https:\/\/ikramverein.de\/tr\/ana-sayfa\/\"},{\"@type\":\"ListItem\",\"position\":2,\"name\":\"\u00dcye Ol\"}]},{\"@type\":\"WebSite\",\"@id\":\"https:\/\/ikramverein.de\/tr\/#website\",\"url\":\"https:\/\/ikramverein.de\/tr\/\",\"name\":\"Ikram\",\"description\":\"\",\"publisher\":{\"@id\":\"https:\/\/ikramverein.de\/tr\/#organization\"},\"potentialAction\":[{\"@type\":\"SearchAction\",\"target\":{\"@type\":\"EntryPoint\",\"urlTemplate\":\"https:\/\/ikramverein.de\/tr\/?s={search_term_string}\"},\"query-input\":{\"@type\":\"PropertyValueSpecification\",\"valueRequired\":true,\"valueName\":\"search_term_string\"}}],\"inLanguage\":\"tr\"},{\"@type\":\"Organization\",\"@id\":\"https:\/\/ikramverein.de\/tr\/#organization\",\"name\":\"Ikram\",\"url\":\"https:\/\/ikramverein.de\/tr\/\",\"logo\":{\"@type\":\"ImageObject\",\"inLanguage\":\"tr\",\"@id\":\"https:\/\/ikramverein.de\/tr\/#\/schema\/logo\/image\/\",\"url\":\"https:\/\/ikramverein.de\/wp-content\/uploads\/2023\/12\/\u0627\u0628\u064a\u0636-\u0644\u0648\u063a\u0648.png\",\"contentUrl\":\"https:\/\/ikramverein.de\/wp-content\/uploads\/2023\/12\/\u0627\u0628\u064a\u0636-\u0644\u0648\u063a\u0648.png\",\"width\":290,\"height\":290,\"caption\":\"Ikram\"},\"image\":{\"@id\":\"https:\/\/ikramverein.de\/tr\/#\/schema\/logo\/image\/\"}}]}<\/script>\n<!-- \/ Yoast SEO plugin. -->","yoast_head_json":{"title":"\u00dcye Ol - Ikram","robots":{"index":"index","follow":"follow","max-snippet":"max-snippet:-1","max-image-preview":"max-image-preview:large","max-video-preview":"max-video-preview:-1"},"canonical":"https:\/\/ikramverein.de\/tr\/ueye-ol\/","og_locale":"tr_TR","og_type":"article","og_title":"\u00dcye Ol - Ikram","og_description":"Kay\u0131t sayfas\u0131 Yeni bir hesap a\u00e7 Giri\u015f sayfas\u0131na gidin","og_url":"https:\/\/ikramverein.de\/tr\/ueye-ol\/","og_site_name":"Ikram","article_modified_time":"2024-01-30T17:39:07+00:00","og_image":[{"url":"https:\/\/ikramverein.de\/wp-content\/uploads\/2023\/12\/1234567.png"}],"twitter_card":"summary_large_image","twitter_misc":{"Tahmini okuma s\u00fcresi":"1 dakika"},"schema":{"@context":"https:\/\/schema.org","@graph":[{"@type":"WebPage","@id":"https:\/\/ikramverein.de\/tr\/ueye-ol\/","url":"https:\/\/ikramverein.de\/tr\/ueye-ol\/","name":"\u00dcye Ol - Ikram","isPartOf":{"@id":"https:\/\/ikramverein.de\/tr\/#website"},"primaryImageOfPage":{"@id":"https:\/\/ikramverein.de\/tr\/ueye-ol\/#primaryimage"},"image":{"@id":"https:\/\/ikramverein.de\/tr\/ueye-ol\/#primaryimage"},"thumbnailUrl":"https:\/\/ikramverein.de\/wp-content\/uploads\/2023\/12\/1234567.png","datePublished":"2024-01-05T12:00:36+00:00","dateModified":"2024-01-30T17:39:07+00:00","breadcrumb":{"@id":"https:\/\/ikramverein.de\/tr\/ueye-ol\/#breadcrumb"},"inLanguage":"tr","potentialAction":[{"@type":"ReadAction","target":["https:\/\/ikramverein.de\/tr\/ueye-ol\/"]}]},{"@type":"ImageObject","inLanguage":"tr","@id":"https:\/\/ikramverein.de\/tr\/ueye-ol\/#primaryimage","url":"https:\/\/ikramverein.de\/wp-content\/uploads\/2023\/12\/1234567.png","contentUrl":"https:\/\/ikramverein.de\/wp-content\/uploads\/2023\/12\/1234567.png"},{"@type":"BreadcrumbList","@id":"https:\/\/ikramverein.de\/tr\/ueye-ol\/#breadcrumb","itemListElement":[{"@type":"ListItem","position":1,"name":"Ana sayfa","item":"https:\/\/ikramverein.de\/tr\/ana-sayfa\/"},{"@type":"ListItem","position":2,"name":"\u00dcye Ol"}]},{"@type":"WebSite","@id":"https:\/\/ikramverein.de\/tr\/#website","url":"https:\/\/ikramverein.de\/tr\/","name":"Ikram","description":"","publisher":{"@id":"https:\/\/ikramverein.de\/tr\/#organization"},"potentialAction":[{"@type":"SearchAction","target":{"@type":"EntryPoint","urlTemplate":"https:\/\/ikramverein.de\/tr\/?s={search_term_string}"},"query-input":{"@type":"PropertyValueSpecification","valueRequired":true,"valueName":"search_term_string"}}],"inLanguage":"tr"},{"@type":"Organization","@id":"https:\/\/ikramverein.de\/tr\/#organization","name":"Ikram","url":"https:\/\/ikramverein.de\/tr\/","logo":{"@type":"ImageObject","inLanguage":"tr","@id":"https:\/\/ikramverein.de\/tr\/#\/schema\/logo\/image\/","url":"https:\/\/ikramverein.de\/wp-content\/uploads\/2023\/12\/\u0627\u0628\u064a\u0636-\u0644\u0648\u063a\u0648.png","contentUrl":"https:\/\/ikramverein.de\/wp-content\/uploads\/2023\/12\/\u0627\u0628\u064a\u0636-\u0644\u0648\u063a\u0648.png","width":290,"height":290,"caption":"Ikram"},"image":{"@id":"https:\/\/ikramverein.de\/tr\/#\/schema\/logo\/image\/"}}]}},"_links":{"self":[{"href":"https:\/\/ikramverein.de\/tr\/wp-json\/wp\/v2\/pages\/3582"}],"collection":[{"href":"https:\/\/ikramverein.de\/tr\/wp-json\/wp\/v2\/pages"}],"about":[{"href":"https:\/\/ikramverein.de\/tr\/wp-json\/wp\/v2\/types\/page"}],"author":[{"embeddable":true,"href":"https:\/\/ikramverein.de\/tr\/wp-json\/wp\/v2\/users\/1"}],"replies":[{"embeddable":true,"href":"https:\/\/ikramverein.de\/tr\/wp-json\/wp\/v2\/comments?post=3582"}],"version-history":[{"count":6,"href":"https:\/\/ikramverein.de\/tr\/wp-json\/wp\/v2\/pages\/3582\/revisions"}],"predecessor-version":[{"id":4627,"href":"https:\/\/ikramverein.de\/tr\/wp-json\/wp\/v2\/pages\/3582\/revisions\/4627"}],"wp:attachment":[{"href":"https:\/\/ikramverein.de\/tr\/wp-json\/wp\/v2\/media?parent=3582"}],"curies":[{"name":"wp","href":"https:\/\/api.w.org\/{rel}","templated":true}]}}