{"id":3485,"date":"2023-12-23T21:46:09","date_gmt":"2023-12-23T21:46:09","guid":{"rendered":"https:\/\/ikramverein.de\/bize-ulasin\/"},"modified":"2025-01-03T02:23:02","modified_gmt":"2025-01-03T02:23:02","slug":"bize-ulasin","status":"publish","type":"page","link":"https:\/\/ikramverein.de\/tr\/bize-ulasin\/","title":{"rendered":"Bize ula\u015f\u0131n"},"content":{"rendered":"\t\t<div data-elementor-type=\"wp-page\" data-elementor-id=\"3485\" class=\"elementor elementor-3485 elementor-1161\" data-elementor-post-type=\"page\">\n\t\t\t\t<div class=\"elementor-element elementor-element-dc5086b e-con-full e-flex e-con e-parent\" data-id=\"dc5086b\" data-element_type=\"container\" data-settings=\"{&quot;background_background&quot;:&quot;classic&quot;}\">\n\t\t<div class=\"elementor-element elementor-element-0f8a6ed e-flex e-con-boxed e-con e-child\" data-id=\"0f8a6ed\" data-element_type=\"container\">\n\t\t\t\t\t<div class=\"e-con-inner\">\n\t\t<div class=\"elementor-element elementor-element-254325e e-flex e-con-boxed e-con e-child\" data-id=\"254325e\" data-element_type=\"container\">\n\t\t\t\t\t<div class=\"e-con-inner\">\n\t\t\t\t<div class=\"elementor-element elementor-element-00bdc85 elementor-widget__width-auto elementor-widget elementor-widget-heading\" data-id=\"00bdc85\" data-element_type=\"widget\" data-widget_type=\"heading.default\">\n\t\t\t\t<div class=\"elementor-widget-container\">\n\t\t\t<p class=\"elementor-heading-title elementor-size-default\">\u0130leti\u015fim<\/p>\t\t<\/div>\n\t\t\t\t<\/div>\n\t\t\t\t<div class=\"elementor-element elementor-element-e16f258 elementor-widget__width-auto elementor-widget elementor-widget-heading\" data-id=\"e16f258\" data-element_type=\"widget\" data-widget_type=\"heading.default\">\n\t\t\t\t<div class=\"elementor-widget-container\">\n\t\t\t<h2 class=\"elementor-heading-title elementor-size-default\">bize ula\u015f\u0131n<\/h2>\t\t<\/div>\n\t\t\t\t<\/div>\n\t\t\t\t<div class=\"elementor-element elementor-element-b39eaff elementor-widget__width-auto elementor-widget elementor-widget-heading\" data-id=\"b39eaff\" data-element_type=\"widget\" data-widget_type=\"heading.default\">\n\t\t\t\t<div class=\"elementor-widget-container\">\n\t\t\t<h3 class=\"elementor-heading-title elementor-size-default\">Formu doldurarak bizimle ileti\u015fime ge\u00e7ebilirsiniz<\/h3>\t\t<\/div>\n\t\t\t\t<\/div>\n\t\t\t\t\t<\/div>\n\t\t\t\t<\/div>\n\t\t<div class=\"elementor-element elementor-element-b5b5a06 e-con-full e-flex e-con e-child\" data-id=\"b5b5a06\" data-element_type=\"container\">\n\t\t<div class=\"elementor-element elementor-element-f1e5b7e e-flex e-con-boxed e-con e-child\" data-id=\"f1e5b7e\" data-element_type=\"container\">\n\t\t\t\t\t<div class=\"e-con-inner\">\n\t\t\t\t<div class=\"elementor-element elementor-element-7c97387 elementor-widget elementor-widget-image\" data-id=\"7c97387\" data-element_type=\"widget\" data-widget_type=\"image.default\">\n\t\t\t\t<div class=\"elementor-widget-container\">\n\t\t\t\t\t\t\t\t\t\t\t\t\t<img fetchpriority=\"high\" decoding=\"async\" width=\"408\" height=\"447\" src=\"https:\/\/ikramverein.de\/wp-content\/uploads\/2023\/12\/1234567.png\" class=\"attachment-large size-large wp-image-554\" alt=\"\" srcset=\"https:\/\/ikramverein.de\/wp-content\/uploads\/2023\/12\/1234567.png 408w, https:\/\/ikramverein.de\/wp-content\/uploads\/2023\/12\/1234567-274x300.png 274w\" sizes=\"(max-width: 408px) 100vw, 408px\" \/>\t\t\t\t\t\t\t\t\t\t\t\t\t<\/div>\n\t\t\t\t<\/div>\n\t\t\t\t<div class=\"elementor-element elementor-element-d31ba67 elementor-icon-list--layout-traditional elementor-list-item-link-full_width elementor-widget elementor-widget-icon-list\" data-id=\"d31ba67\" data-element_type=\"widget\" data-widget_type=\"icon-list.default\">\n\t\t\t\t<div class=\"elementor-widget-container\">\n\t\t\t\t\t<ul class=\"elementor-icon-list-items\">\n\t\t\t\t\t\t\t<li class=\"elementor-icon-list-item\">\n\t\t\t\t\t\t\t\t\t\t\t<span class=\"elementor-icon-list-icon\">\n\t\t\t\t\t\t\t<svg aria-hidden=\"true\" class=\"e-font-icon-svg e-far-envelope\" viewBox=\"0 0 512 512\" xmlns=\"http:\/\/www.w3.org\/2000\/svg\"><path d=\"M464 64H48C21.49 64 0 85.49 0 112v288c0 26.51 21.49 48 48 48h416c26.51 0 48-21.49 48-48V112c0-26.51-21.49-48-48-48zm0 48v40.805c-22.422 18.259-58.168 46.651-134.587 106.49-16.841 13.247-50.201 45.072-73.413 44.701-23.208.375-56.579-31.459-73.413-44.701C106.18 199.465 70.425 171.067 48 152.805V112h416zM48 400V214.398c22.914 18.251 55.409 43.862 104.938 82.646 21.857 17.205 60.134 55.186 103.062 54.955 42.717.231 80.509-37.199 103.053-54.947 49.528-38.783 82.032-64.401 104.947-82.653V400H48z\"><\/path><\/svg>\t\t\t\t\t\t<\/span>\n\t\t\t\t\t\t\t\t\t\t<span class=\"elementor-icon-list-text\">ikramverein@hotmail.de<\/span>\n\t\t\t\t\t\t\t\t\t<\/li>\n\t\t\t\t\t\t\t\t<li class=\"elementor-icon-list-item\">\n\t\t\t\t\t\t\t\t\t\t\t<span class=\"elementor-icon-list-icon\">\n\t\t\t\t\t\t\t<svg aria-hidden=\"true\" class=\"e-font-icon-svg e-fas-phone-alt\" viewBox=\"0 0 512 512\" xmlns=\"http:\/\/www.w3.org\/2000\/svg\"><path d=\"M497.39 361.8l-112-48a24 24 0 0 0-28 6.9l-49.6 60.6A370.66 370.66 0 0 1 130.6 204.11l60.6-49.6a23.94 23.94 0 0 0 6.9-28l-48-112A24.16 24.16 0 0 0 122.6.61l-104 24A24 24 0 0 0 0 48c0 256.5 207.9 464 464 464a24 24 0 0 0 23.4-18.6l24-104a24.29 24.29 0 0 0-14.01-27.6z\"><\/path><\/svg>\t\t\t\t\t\t<\/span>\n\t\t\t\t\t\t\t\t\t\t<span class=\"elementor-icon-list-text\">+49 171 451 56 67<\/span>\n\t\t\t\t\t\t\t\t\t<\/li>\n\t\t\t\t\t\t\t\t<li class=\"elementor-icon-list-item\">\n\t\t\t\t\t\t\t\t\t\t\t<span class=\"elementor-icon-list-icon\">\n\t\t\t\t\t\t\t<svg aria-hidden=\"true\" class=\"e-font-icon-svg e-fas-at\" viewBox=\"0 0 512 512\" xmlns=\"http:\/\/www.w3.org\/2000\/svg\"><path d=\"M256 8C118.941 8 8 118.919 8 256c0 137.059 110.919 248 248 248 48.154 0 95.342-14.14 135.408-40.223 12.005-7.815 14.625-24.288 5.552-35.372l-10.177-12.433c-7.671-9.371-21.179-11.667-31.373-5.129C325.92 429.757 291.314 440 256 440c-101.458 0-184-82.542-184-184S154.542 72 256 72c100.139 0 184 57.619 184 160 0 38.786-21.093 79.742-58.17 83.693-17.349-.454-16.91-12.857-13.476-30.024l23.433-121.11C394.653 149.75 383.308 136 368.225 136h-44.981a13.518 13.518 0 0 0-13.432 11.993l-.01.092c-14.697-17.901-40.448-21.775-59.971-21.775-74.58 0-137.831 62.234-137.831 151.46 0 65.303 36.785 105.87 96 105.87 26.984 0 57.369-15.637 74.991-38.333 9.522 34.104 40.613 34.103 70.71 34.103C462.609 379.41 504 307.798 504 232 504 95.653 394.023 8 256 8zm-21.68 304.43c-22.249 0-36.07-15.623-36.07-40.771 0-44.993 30.779-72.729 58.63-72.729 22.292 0 35.601 15.241 35.601 40.77 0 45.061-33.875 72.73-58.161 72.73z\"><\/path><\/svg>\t\t\t\t\t\t<\/span>\n\t\t\t\t\t\t\t\t\t\t<span class=\"elementor-icon-list-text\">ikramverein.de<\/span>\n\t\t\t\t\t\t\t\t\t<\/li>\n\t\t\t\t\t\t<\/ul>\n\t\t\t\t<\/div>\n\t\t\t\t<\/div>\n\t\t\t\t\t<\/div>\n\t\t\t\t<\/div>\n\t\t<div class=\"elementor-element elementor-element-cdfc168 e-con-full e-flex e-con e-child\" data-id=\"cdfc168\" data-element_type=\"container\">\n\t\t<div class=\"elementor-element elementor-element-005c3b6 e-con-full e-flex e-con e-child\" data-id=\"005c3b6\" data-element_type=\"container\" data-settings=\"{&quot;background_background&quot;:&quot;classic&quot;}\">\n\t\t<div class=\"elementor-element elementor-element-dcab522 e-con-full e-flex e-con e-child\" data-id=\"dcab522\" data-element_type=\"container\" data-settings=\"{&quot;background_background&quot;:&quot;classic&quot;}\">\n\t\t\t\t<div class=\"elementor-element elementor-element-e036ba7 elementor-widget elementor-widget-heading\" data-id=\"e036ba7\" data-element_type=\"widget\" data-widget_type=\"heading.default\">\n\t\t\t\t<div class=\"elementor-widget-container\">\n\t\t\t<p class=\"elementor-heading-title elementor-size-default\">L\u00fctfen bilgilerinizi do\u011fru girdi\u011finizden emin olun<\/p>\t\t<\/div>\n\t\t\t\t<\/div>\n\t\t\t\t<\/div>\n\t\t\t\t<div class=\"elementor-element elementor-element-13c88e5 elementor-button-align-center elementor-widget elementor-widget-form\" data-id=\"13c88e5\" data-element_type=\"widget\" data-settings=\"{&quot;step_next_label&quot;:&quot;Next&quot;,&quot;step_previous_label&quot;:&quot;Previous&quot;,&quot;button_width&quot;:&quot;100&quot;,&quot;step_type&quot;:&quot;number_text&quot;,&quot;step_icon_shape&quot;:&quot;circle&quot;}\" data-widget_type=\"form.default\">\n\t\t\t\t<div class=\"elementor-widget-container\">\n\t\t\t\t\t<form class=\"elementor-form\" method=\"post\" name=\"Yeni form\">\n\t\t\t<input type=\"hidden\" name=\"post_id\" value=\"3485\"\/>\n\t\t\t<input type=\"hidden\" name=\"form_id\" value=\"13c88e5\"\/>\n\t\t\t<input type=\"hidden\" name=\"referer_title\" value=\"Ikram\" \/>\n\n\t\t\t\n\t\t\t<div class=\"elementor-form-fields-wrapper elementor-labels-\">\n\t\t\t\t\t\t\t\t<div class=\"elementor-field-type-text elementor-field-group elementor-column elementor-field-group-name elementor-col-50 elementor-sm-50 elementor-field-required\">\n\t\t\t\t\t\t\t\t\t\t\t\t<label for=\"form-field-name\" class=\"elementor-field-label elementor-screen-only\">\n\t\t\t\t\t\t\t\tAd\t\t\t\t\t\t\t<\/label>\n\t\t\t\t\t\t\t\t\t\t\t\t\t\t<input size=\"1\" type=\"text\" name=\"form_fields[name]\" id=\"form-field-name\" class=\"elementor-field elementor-size-sm  elementor-field-textual\" placeholder=\"Ad\" required=\"required\" aria-required=\"true\">\n\t\t\t\t\t\t\t\t\t\t\t<\/div>\n\t\t\t\t\t\t\t\t<div class=\"elementor-field-type-text elementor-field-group elementor-column elementor-field-group-lastName elementor-col-50 elementor-sm-50\">\n\t\t\t\t\t\t\t\t\t\t\t\t<label for=\"form-field-lastName\" class=\"elementor-field-label elementor-screen-only\">\n\t\t\t\t\t\t\t\tSoyad\t\t\t\t\t\t\t<\/label>\n\t\t\t\t\t\t\t\t\t\t\t\t\t\t<input size=\"1\" type=\"text\" name=\"form_fields[lastName]\" id=\"form-field-lastName\" class=\"elementor-field elementor-size-sm  elementor-field-textual\" placeholder=\"Soyad\">\n\t\t\t\t\t\t\t\t\t\t\t<\/div>\n\t\t\t\t\t\t\t\t<div class=\"elementor-field-type-email elementor-field-group elementor-column elementor-field-group-email elementor-col-100 elementor-field-required\">\n\t\t\t\t\t\t\t\t\t\t\t\t<label for=\"form-field-email\" class=\"elementor-field-label elementor-screen-only\">\n\t\t\t\t\t\t\t\tmail\t\t\t\t\t\t\t<\/label>\n\t\t\t\t\t\t\t\t\t\t\t\t\t\t<input size=\"1\" type=\"email\" name=\"form_fields[email]\" id=\"form-field-email\" class=\"elementor-field elementor-size-sm  elementor-field-textual\" placeholder=\"mail\" required=\"required\" aria-required=\"true\">\n\t\t\t\t\t\t\t\t\t\t\t<\/div>\n\t\t\t\t\t\t\t\t<div class=\"elementor-field-type-text elementor-field-group elementor-column elementor-field-group-subject elementor-col-100 elementor-field-required\">\n\t\t\t\t\t\t\t\t\t\t\t\t<label for=\"form-field-subject\" class=\"elementor-field-label elementor-screen-only\">\n\t\t\t\t\t\t\t\tKonu\t\t\t\t\t\t\t<\/label>\n\t\t\t\t\t\t\t\t\t\t\t\t\t\t<input size=\"1\" type=\"text\" name=\"form_fields[subject]\" id=\"form-field-subject\" class=\"elementor-field elementor-size-sm  elementor-field-textual\" placeholder=\"Konu\" required=\"required\" aria-required=\"true\">\n\t\t\t\t\t\t\t\t\t\t\t<\/div>\n\t\t\t\t\t\t\t\t<div class=\"elementor-field-type-textarea elementor-field-group elementor-column elementor-field-group-message elementor-col-100 elementor-field-required\">\n\t\t\t\t\t\t\t\t\t\t\t\t<label for=\"form-field-message\" class=\"elementor-field-label elementor-screen-only\">\n\t\t\t\t\t\t\t\tMesaj\u0131n\u0131z\t\t\t\t\t\t\t<\/label>\n\t\t\t\t\t\t<textarea class=\"elementor-field-textual elementor-field  elementor-size-sm\" name=\"form_fields[message]\" id=\"form-field-message\" rows=\"8\" placeholder=\"Mesaj\u0131n\u0131z\" required=\"required\" aria-required=\"true\"><\/textarea>\t\t\t\t<\/div>\n\t\t\t\t\t\t\t\t<div class=\"elementor-field-type-recaptcha_v3 elementor-field-group elementor-column elementor-field-group-field_a4d1ac7 elementor-col-100 recaptcha_v3-bottomright\">\n\t\t\t\t\t<div class=\"elementor-field\" id=\"form-field-field_a4d1ac7\"><div class=\"elementor-g-recaptcha\" data-sitekey=\"6Lf-0RsqAAAAAHgb0pxbEyFgN7b0f6XCUm1on_gC\" data-type=\"v3\" data-action=\"Form\" data-badge=\"bottomright\" data-size=\"invisible\"><\/div><\/div>\t\t\t\t<\/div>\n\t\t\t\t\t\t\t\t<div class=\"elementor-field-group elementor-column elementor-field-type-submit elementor-col-100 e-form__buttons\">\n\t\t\t\t\t<button class=\"elementor-button elementor-size-sm\" type=\"submit\">\n\t\t\t\t\t\t<span class=\"elementor-button-content-wrapper\">\n\t\t\t\t\t\t\t\t\t\t\t\t\t\t\t\t\t\t\t\t\t\t<span class=\"elementor-button-text\">G\u00f6nder<\/span>\n\t\t\t\t\t\t\t\t\t\t\t\t\t<\/span>\n\t\t\t\t\t<\/button>\n\t\t\t\t<\/div>\n\t\t\t<\/div>\n\t\t<\/form>\n\t\t\t\t<\/div>\n\t\t\t\t<\/div>\n\t\t\t\t<\/div>\n\t\t\t\t<\/div>\n\t\t\t\t<\/div>\n\t\t\t\t\t<\/div>\n\t\t\t\t<\/div>\n\t\t\t\t<\/div>\n\t\t\t\t<\/div>\n\t\t","protected":false},"excerpt":{"rendered":"<p>\u0130leti\u015fim bize ula\u015f\u0131n Formu doldurarak bizimle ileti\u015fime ge\u00e7ebilirsiniz ikramverein@hotmail.de +49 171 451 56 67 ikramverein.de L\u00fctfen bilgilerinizi do\u011fru girdi\u011finizden emin olun<\/p>\n","protected":false},"author":1,"featured_media":0,"parent":0,"menu_order":0,"comment_status":"closed","ping_status":"closed","template":"","meta":{"_acf_changed":false,"footnotes":""},"acf":[],"yoast_head":"<!-- This site is optimized with the Yoast SEO plugin v23.9 - https:\/\/yoast.com\/wordpress\/plugins\/seo\/ -->\n<title>Bize ula\u015f\u0131n - Ikram<\/title>\n<meta name=\"robots\" content=\"index, follow, max-snippet:-1, max-image-preview:large, max-video-preview:-1\" \/>\n<link rel=\"canonical\" href=\"https:\/\/ikramverein.de\/tr\/bize-ulasin\/\" \/>\n<meta property=\"og:locale\" content=\"tr_TR\" \/>\n<meta property=\"og:type\" content=\"article\" \/>\n<meta property=\"og:title\" content=\"Bize ula\u015f\u0131n - Ikram\" \/>\n<meta property=\"og:description\" content=\"\u0130leti\u015fim bize ula\u015f\u0131n Formu doldurarak bizimle ileti\u015fime ge\u00e7ebilirsiniz ikramverein@hotmail.de +49 171 451 56 67 ikramverein.de L\u00fctfen bilgilerinizi do\u011fru girdi\u011finizden emin olun\" \/>\n<meta property=\"og:url\" content=\"https:\/\/ikramverein.de\/tr\/bize-ulasin\/\" \/>\n<meta property=\"og:site_name\" content=\"Ikram\" \/>\n<meta property=\"article:modified_time\" content=\"2025-01-03T02:23:02+00:00\" \/>\n<meta property=\"og:image\" content=\"https:\/\/ikramverein.de\/wp-content\/uploads\/2023\/12\/1234567.png\" \/>\n\t<meta property=\"og:image:width\" content=\"408\" \/>\n\t<meta property=\"og:image:height\" content=\"447\" \/>\n\t<meta property=\"og:image:type\" content=\"image\/png\" \/>\n<meta name=\"twitter:card\" content=\"summary_large_image\" \/>\n<meta name=\"twitter:label1\" content=\"Tahmini okuma s\u00fcresi\" \/>\n\t<meta name=\"twitter:data1\" content=\"1 dakika\" \/>\n<script type=\"application\/ld+json\" class=\"yoast-schema-graph\">{\"@context\":\"https:\/\/schema.org\",\"@graph\":[{\"@type\":\"WebPage\",\"@id\":\"https:\/\/ikramverein.de\/tr\/bize-ulasin\/\",\"url\":\"https:\/\/ikramverein.de\/tr\/bize-ulasin\/\",\"name\":\"Bize ula\u015f\u0131n - Ikram\",\"isPartOf\":{\"@id\":\"https:\/\/ikramverein.de\/tr\/#website\"},\"primaryImageOfPage\":{\"@id\":\"https:\/\/ikramverein.de\/tr\/bize-ulasin\/#primaryimage\"},\"image\":{\"@id\":\"https:\/\/ikramverein.de\/tr\/bize-ulasin\/#primaryimage\"},\"thumbnailUrl\":\"https:\/\/ikramverein.de\/wp-content\/uploads\/2023\/12\/1234567.png\",\"datePublished\":\"2023-12-23T21:46:09+00:00\",\"dateModified\":\"2025-01-03T02:23:02+00:00\",\"breadcrumb\":{\"@id\":\"https:\/\/ikramverein.de\/tr\/bize-ulasin\/#breadcrumb\"},\"inLanguage\":\"tr\",\"potentialAction\":[{\"@type\":\"ReadAction\",\"target\":[\"https:\/\/ikramverein.de\/tr\/bize-ulasin\/\"]}]},{\"@type\":\"ImageObject\",\"inLanguage\":\"tr\",\"@id\":\"https:\/\/ikramverein.de\/tr\/bize-ulasin\/#primaryimage\",\"url\":\"https:\/\/ikramverein.de\/wp-content\/uploads\/2023\/12\/1234567.png\",\"contentUrl\":\"https:\/\/ikramverein.de\/wp-content\/uploads\/2023\/12\/1234567.png\"},{\"@type\":\"BreadcrumbList\",\"@id\":\"https:\/\/ikramverein.de\/tr\/bize-ulasin\/#breadcrumb\",\"itemListElement\":[{\"@type\":\"ListItem\",\"position\":1,\"name\":\"Ana sayfa\",\"item\":\"https:\/\/ikramverein.de\/tr\/ana-sayfa\/\"},{\"@type\":\"ListItem\",\"position\":2,\"name\":\"Bize ula\u015f\u0131n\"}]},{\"@type\":\"WebSite\",\"@id\":\"https:\/\/ikramverein.de\/tr\/#website\",\"url\":\"https:\/\/ikramverein.de\/tr\/\",\"name\":\"Ikram\",\"description\":\"\",\"publisher\":{\"@id\":\"https:\/\/ikramverein.de\/tr\/#organization\"},\"potentialAction\":[{\"@type\":\"SearchAction\",\"target\":{\"@type\":\"EntryPoint\",\"urlTemplate\":\"https:\/\/ikramverein.de\/tr\/?s={search_term_string}\"},\"query-input\":{\"@type\":\"PropertyValueSpecification\",\"valueRequired\":true,\"valueName\":\"search_term_string\"}}],\"inLanguage\":\"tr\"},{\"@type\":\"Organization\",\"@id\":\"https:\/\/ikramverein.de\/tr\/#organization\",\"name\":\"Ikram\",\"url\":\"https:\/\/ikramverein.de\/tr\/\",\"logo\":{\"@type\":\"ImageObject\",\"inLanguage\":\"tr\",\"@id\":\"https:\/\/ikramverein.de\/tr\/#\/schema\/logo\/image\/\",\"url\":\"https:\/\/ikramverein.de\/wp-content\/uploads\/2023\/12\/\u0627\u0628\u064a\u0636-\u0644\u0648\u063a\u0648.png\",\"contentUrl\":\"https:\/\/ikramverein.de\/wp-content\/uploads\/2023\/12\/\u0627\u0628\u064a\u0636-\u0644\u0648\u063a\u0648.png\",\"width\":290,\"height\":290,\"caption\":\"Ikram\"},\"image\":{\"@id\":\"https:\/\/ikramverein.de\/tr\/#\/schema\/logo\/image\/\"}}]}<\/script>\n<!-- \/ Yoast SEO plugin. -->","yoast_head_json":{"title":"Bize ula\u015f\u0131n - Ikram","robots":{"index":"index","follow":"follow","max-snippet":"max-snippet:-1","max-image-preview":"max-image-preview:large","max-video-preview":"max-video-preview:-1"},"canonical":"https:\/\/ikramverein.de\/tr\/bize-ulasin\/","og_locale":"tr_TR","og_type":"article","og_title":"Bize ula\u015f\u0131n - Ikram","og_description":"\u0130leti\u015fim bize ula\u015f\u0131n Formu doldurarak bizimle ileti\u015fime ge\u00e7ebilirsiniz ikramverein@hotmail.de +49 171 451 56 67 ikramverein.de L\u00fctfen bilgilerinizi do\u011fru girdi\u011finizden emin olun","og_url":"https:\/\/ikramverein.de\/tr\/bize-ulasin\/","og_site_name":"Ikram","article_modified_time":"2025-01-03T02:23:02+00:00","og_image":[{"width":408,"height":447,"url":"https:\/\/ikramverein.de\/wp-content\/uploads\/2023\/12\/1234567.png","type":"image\/png"}],"twitter_card":"summary_large_image","twitter_misc":{"Tahmini okuma s\u00fcresi":"1 dakika"},"schema":{"@context":"https:\/\/schema.org","@graph":[{"@type":"WebPage","@id":"https:\/\/ikramverein.de\/tr\/bize-ulasin\/","url":"https:\/\/ikramverein.de\/tr\/bize-ulasin\/","name":"Bize ula\u015f\u0131n - Ikram","isPartOf":{"@id":"https:\/\/ikramverein.de\/tr\/#website"},"primaryImageOfPage":{"@id":"https:\/\/ikramverein.de\/tr\/bize-ulasin\/#primaryimage"},"image":{"@id":"https:\/\/ikramverein.de\/tr\/bize-ulasin\/#primaryimage"},"thumbnailUrl":"https:\/\/ikramverein.de\/wp-content\/uploads\/2023\/12\/1234567.png","datePublished":"2023-12-23T21:46:09+00:00","dateModified":"2025-01-03T02:23:02+00:00","breadcrumb":{"@id":"https:\/\/ikramverein.de\/tr\/bize-ulasin\/#breadcrumb"},"inLanguage":"tr","potentialAction":[{"@type":"ReadAction","target":["https:\/\/ikramverein.de\/tr\/bize-ulasin\/"]}]},{"@type":"ImageObject","inLanguage":"tr","@id":"https:\/\/ikramverein.de\/tr\/bize-ulasin\/#primaryimage","url":"https:\/\/ikramverein.de\/wp-content\/uploads\/2023\/12\/1234567.png","contentUrl":"https:\/\/ikramverein.de\/wp-content\/uploads\/2023\/12\/1234567.png"},{"@type":"BreadcrumbList","@id":"https:\/\/ikramverein.de\/tr\/bize-ulasin\/#breadcrumb","itemListElement":[{"@type":"ListItem","position":1,"name":"Ana sayfa","item":"https:\/\/ikramverein.de\/tr\/ana-sayfa\/"},{"@type":"ListItem","position":2,"name":"Bize ula\u015f\u0131n"}]},{"@type":"WebSite","@id":"https:\/\/ikramverein.de\/tr\/#website","url":"https:\/\/ikramverein.de\/tr\/","name":"Ikram","description":"","publisher":{"@id":"https:\/\/ikramverein.de\/tr\/#organization"},"potentialAction":[{"@type":"SearchAction","target":{"@type":"EntryPoint","urlTemplate":"https:\/\/ikramverein.de\/tr\/?s={search_term_string}"},"query-input":{"@type":"PropertyValueSpecification","valueRequired":true,"valueName":"search_term_string"}}],"inLanguage":"tr"},{"@type":"Organization","@id":"https:\/\/ikramverein.de\/tr\/#organization","name":"Ikram","url":"https:\/\/ikramverein.de\/tr\/","logo":{"@type":"ImageObject","inLanguage":"tr","@id":"https:\/\/ikramverein.de\/tr\/#\/schema\/logo\/image\/","url":"https:\/\/ikramverein.de\/wp-content\/uploads\/2023\/12\/\u0627\u0628\u064a\u0636-\u0644\u0648\u063a\u0648.png","contentUrl":"https:\/\/ikramverein.de\/wp-content\/uploads\/2023\/12\/\u0627\u0628\u064a\u0636-\u0644\u0648\u063a\u0648.png","width":290,"height":290,"caption":"Ikram"},"image":{"@id":"https:\/\/ikramverein.de\/tr\/#\/schema\/logo\/image\/"}}]}},"_links":{"self":[{"href":"https:\/\/ikramverein.de\/tr\/wp-json\/wp\/v2\/pages\/3485"}],"collection":[{"href":"https:\/\/ikramverein.de\/tr\/wp-json\/wp\/v2\/pages"}],"about":[{"href":"https:\/\/ikramverein.de\/tr\/wp-json\/wp\/v2\/types\/page"}],"author":[{"embeddable":true,"href":"https:\/\/ikramverein.de\/tr\/wp-json\/wp\/v2\/users\/1"}],"replies":[{"embeddable":true,"href":"https:\/\/ikramverein.de\/tr\/wp-json\/wp\/v2\/comments?post=3485"}],"version-history":[{"count":22,"href":"https:\/\/ikramverein.de\/tr\/wp-json\/wp\/v2\/pages\/3485\/revisions"}],"predecessor-version":[{"id":6604,"href":"https:\/\/ikramverein.de\/tr\/wp-json\/wp\/v2\/pages\/3485\/revisions\/6604"}],"wp:attachment":[{"href":"https:\/\/ikramverein.de\/tr\/wp-json\/wp\/v2\/media?parent=3485"}],"curies":[{"name":"wp","href":"https:\/\/api.w.org\/{rel}","templated":true}]}}